{"id":223,"date":"2024-11-20T21:27:33","date_gmt":"2024-11-20T21:27:33","guid":{"rendered":"https:\/\/solar-initiative-schwalbach.de\/?page_id=223"},"modified":"2024-12-08T17:50:21","modified_gmt":"2024-12-08T17:50:21","slug":"satzung-des-vereins-solarinitiative-schwalbach","status":"publish","type":"page","link":"https:\/\/solar-initiative-schwalbach.de\/?page_id=223","title":{"rendered":"Satzung des Vereins Solarinitiative Schwalbach"},"content":{"rendered":"\n<p><strong>Satzung des gemeinn\u00fctzigen Vereins Solarinitiative Schwalbach e.V.<\/strong><br><br><strong>\u00a7 1 Name, Sitz<\/strong><\/p>\n\n\n\n<p>Der Verein f\u00fchrt den Namen \u201eSolarinitiative Schwalbach\u201c. Er soll in das Vereinsregister eingetragen werden und f\u00fchrt danach den Zusatz e.V..<\/p>\n\n\n\n<p>Der Sitz des Vereins ist <em>65824 Schwalbach am Taunus.<\/em><\/p>\n\n\n\n<p><br><strong>\u00a7 2 Zweck<\/strong><\/p>\n\n\n\n<p>Der Verein verfolgt ausschlie\u00dflich und unmittelbar gemeinn\u00fctzige Zwecke im<br>Sinne des Abschnitts \u201eSteuerbeg\u00fcnstigte Zwecke\u201c der Abgabenordnung (AO).<\/p>\n\n\n\n<p>a) Zweck des Vereins ist die F\u00f6rderung des Klimaschutzes in der Stadt<br>Schwalbach am Taunus (\u00a7 52 Absatz 2 Satz 1 Nr. 8 AO).<br>b) Der Satzungszweck wird verwirklicht insbesondere durch<br>\u25cf Die Durchf\u00fchrung von Informationsveranstaltungen und Beratung zur<br>Installation und Optimierung von Solaranlagen, Marktbeobachtung,<br>Pr\u00fcfung von Angeboten, Wirtschaftlichkeitsberechnungen,<br>Erfahrungsaustausch zur baulichen Umsetzung.<br>\u25cf Unentgeltliche Beratung und Unterst\u00fctzung bei Projekten, die in Eigenhilfe<br>verwirklicht werden sollen.<br>\u25cf \u00d6ffentlichkeitsarbeit mit dem Ziel der Klimaneutralit\u00e4t in Schwalbach.<br>\u25cf Erfahrungsaustausch und Zusammenarbeit mit anderen<br>steuerbeg\u00fcnstigten und \u00f6ffentlich-rechtlichen K\u00f6rperschaften \u00e4hnlicher<br>Zielsetzung (z.B. Kirchengemeinden, Arbeitskreise der Kulturkreis GmbH).<\/p>\n\n\n\n<p>Der Verein ist selbstlos t\u00e4tig; er verfolgt nicht in erster Linie eigenwirtschaftliche<br>Zwecke.<\/p>\n\n\n\n<p>Mittel des Vereins d\u00fcrfen nur f\u00fcr die satzungsm\u00e4\u00dfigen Zwecke verwendet<br>werden. Die Mitglieder erhalten keine Zuwendungen aus Mitteln des Vereins.<\/p>\n\n\n\n<p>Es darf keine Person durch Ausgaben, die dem Zweck der K\u00f6rperschaft fremd<br>sind, oder durch unverh\u00e4ltnism\u00e4\u00dfig hohe Verg\u00fctungen beg\u00fcnstigt werden.<br><br><strong>\u00a7 3 Mitgliedschaft<\/strong><\/p>\n\n\n\n<p>Mitglied des Vereins kann jede nat\u00fcrliche Person und juristische Person werden.<br>\u00dcber die Aufnahme entscheidet nach schriftlichem Antrag der Vorstand. Bei<br>Minderj\u00e4hrigen ist der Aufnahmeantrag durch die gesetzlichen Vertreter zu<br>stellen.<\/p>\n\n\n\n<p>Der Austritt aus dem Verein ist jederzeit zul\u00e4ssig. Er muss schriftlich gegen\u00fcber<br>dem Vorstand erkl\u00e4rt werden.<\/p>\n\n\n\n<p>Ein Mitglied kann aus dem Verein ausgeschlossen werden, wenn sein Verhalten<br>in grober Weise gegen die Interessen des Vereins verst\u00f6\u00dft. \u00dcber den Ausschluss<br>entscheidet die Mitgliederversammlung.<\/p>\n\n\n\n<p>Die Mitgliedschaft endet mit dem Tod des Mitglieds (bei juristischen Personen mit<br>deren Erl\u00f6schen).<\/p>\n\n\n\n<p>Das ausgetretene oder ausgeschlossene Mitglied hat keinen Anspruch<br>gegen\u00fcber dem Vereinsverm\u00f6gen.<\/p>\n\n\n\n<p>Die Mitglieder haben keine Mitgliedsbeitr\u00e4ge zu leisten. Die Finanzierung der f\u00fcr<br>die Vereinsarbeit notwendigen Ausgaben erfolgt auf Spendenbasis.<br><br><strong>\u00a7 4 Vorstand<\/strong><\/p>\n\n\n\n<p>Der Vorstand (\u00a7 26 BGB) besteht aus<br>a. dem\/der Vorsitzenden,<br>b. einer\/einem stellvertretenden Vorsitzenden,<br>c. dem\/der Schriftf\u00fchrer:in und<br>d. dem\/der Kassenf\u00fchrer:in.<\/p>\n\n\n\n<p>Die Mitgliederversammlung kann ein Vorstandsmitglied mit der Aus\u00fcbung zweier<br>Vorstands\u00e4mter betrauen.<\/p>\n\n\n\n<p>Der Vorstand wird auf ein Jahr durch Pr\u00e4senzwahl gew\u00e4hlt.<\/p>\n\n\n\n<p>Der Verein wird durch den\/die erste:n Vorsitzende:n, im Falle seiner\/ihrer<br>Verhinderung durch den\/die zweite:n Vorsitzende:n, und jeweils ein weiteres<br>Vorstandsmitglied gerichtlich und au\u00dfergerichtlich vertreten.<br><br><strong>\u00a7 5 Mitgliederversammlung<\/strong><\/p>\n\n\n\n<ol class=\"wp-block-list\">\n<li>Die ordentliche Mitgliederversammlung findet einmal j\u00e4hrlich statt. Au\u00dferdem muss eine Mitgliederversammlung einberufen werden, wenn das Interesse des Vereins es erfordert oder wenn mindestens 1\/10 der Mitglieder die Einberufung schriftlich unter Angabe des Zwecks und der Gr\u00fcnde verlangt.<br><\/li>\n\n\n\n<li>Der Vorstand l\u00e4dt, unter Angabe der vorl\u00e4ufigen Tagesordnung, mit einer Frist von vier Wochen zur ordentlichen Mitgliederversammlung und mit einer Frist von zwei Wochen zu einer au\u00dferordentlichen Mitgliederversammlung per E-Mail an die letzte vom Mitglied dem Vorstand mitgeteilte E-Mail-Adresse bzw. auf ausdr\u00fccklichen Wunsch des Mitglieds, das \u00fcber keinen eigenen Internetzugang verf\u00fcgt, per einfachem Brief postalisch. F\u00fcr die ordnungsgem\u00e4\u00dfe Einladung gen\u00fcgt jeweils die Absendung der E-Mail bzw. des Briefes. Die Mitglieder k\u00f6nnen binnen zwei Wochen die Aufnahme weiterer Punkte beantragen; in eiligen F\u00e4llen kann der Vorstand eine Tagesordnung festsetzen, ohne Gelegenheit zur Aufnahme weiterer Punkte zu geben. Versp\u00e4tet eingegangene Antr\u00e4ge finden keine Ber\u00fccksichtigung. Der Vorstand kann hiervon Ausnahmen machen, wenn die Versp\u00e4tung gen\u00fcgend entschuldigt wird oder andere Gr\u00fcnde, insbesondere die Verfahrens\u00f6konomie die Aufnahme des Punkts rechtfertigen. Der Vorstand entscheidet nach billigem Ermessen.\u00a0<br><\/li>\n\n\n\n<li>Versammlungsleiter:in ist der\/die Vorsitzende und im Falle seiner\/ihrer Verhinderung eine:r der stellvertretenden Vorsitzenden. Sollten beide sich bereiterkl\u00e4ren, bestimmt die Mitgliederversammlung welche:r stellvertretende:r Vorsitzende:r Versammlungsleiter:in ist. Sollten beide nicht anwesend sein, wird ein:e Versammlungsleiter:in von der Mitgliederversammlung gew\u00e4hlt. Soweit der\/die Schriftf\u00fchrer:in nicht anwesend ist, wird auch diese:r von der Mitgliederversammlung bestimmt.\u00a0<\/li>\n\n\n\n<li>Bei Vorstandswahlen w\u00e4hlt die Mitgliederversammlung vor der Wahl einen Wahlvorstand, der dann die Wahl leitet.<br><\/li>\n\n\n\n<li>Jede ordnungsgem\u00e4\u00df einberufene Mitgliederversammlung ist ab einer Zahl von f\u00fcnf erschienenen Mitglieder beschlussf\u00e4hig. <br><\/li>\n\n\n\n<li>Die Beschl\u00fcsse der Mitgliederversammlung werden mit einfacher Mehrheit der abgegebenen g\u00fcltigen Stimmen gefasst. Zur \u00c4nderung der Satzung und des Vereinszwecks ist jedoch eine Mehrheit von 2\/3 der abgegebenen g\u00fcltigen Stimmen erforderlich.\u00a0<br><\/li>\n\n\n\n<li>\u00dcber die Beschl\u00fcsse der Mitgliederversammlung ist ein Protokoll aufzunehmen, das vom Versammlungsleiter und dem Schriftf\u00fchrer zu unterschreiben ist.\u00a0<br><\/li>\n\n\n\n<li>Die Mitgliederversammlung kann entweder in Pr\u00e4senz oder virtuell stattfinden. Der Vorstand entscheidet hier\u00fcber nach seinem Ermessen und teilt dies den Mitgliedern in der Einladung mit. Die Vorschrift des \u00a7 32 Abs. 2 BGB bleibt hiervon unber\u00fchrt<s>.<\/s> <br><\/li>\n\n\n\n<li>Mitglieder, die ihre E-Mail-Adresse beim Verein registriert haben, erhalten den Zugang durch eine gesonderte E-Mail, die \u00fcbrigen Mitglieder erhalten die Zugangsdaten per Brief. Ausreichend ist eine Versendung der Zugangsdaten am Tage der Mitgliederversammlung an die dem Verein zuletzt bekannt gegebene E-Mail-Adresse bzw. eine Woche vor Versammlung an die dem Verein zuletzt bekannte Postadresse. Die Mitglieder sind verpflichtet, die Zugangsdaten geheim zu halten. Eine Weitergabe an dritte Personen ist nicht zul\u00e4ssig.\u00a0<br><\/li>\n\n\n\n<li>Findet die Mitgliederversammlung virtuell statt, k\u00f6nnen Vorstandswahlen, Satzungs\u00e4nderungen und andere Beschl\u00fcsse durch sichere elektronische Wahlformen bestimmt werden. Das Medium der Wahl wird vom Vorstand bestimmt und mit der Einladung zur Mitgliederversammlung verk\u00fcndet.\u00a0\u00a0<br><\/li>\n\n\n\n<li>Vorstandsversammlungen und Versammlungen der ordentlichen Mitglieder k\u00f6nnen ebenfalls online erfolgen.<br><\/li>\n<\/ol>\n\n\n\n<p><br><strong>\u00a7 6 Aufl\u00f6sung, Anfall des Vereinsverm\u00f6gens<\/strong> <br><br>Die Aufl\u00f6sung des Vereins erfolgt im Rahmen einer Mitgliederversammlung. Es ist eine Mehrheit von 4\/5 der abgegebenen g\u00fcltigen Stimmen erforderlich.\u00a0<\/p>\n\n\n\n<p>Bei Aufl\u00f6sung oder Aufhebung des Vereins oder bei Wegfall steuerbeg\u00fcnstigter Zwecke f\u00e4llt das Verm\u00f6gen des Vereins an<\/p>\n\n\n\n<p>den <em>Bund f\u00fcr Umwelt und Naturschutz Deutschland e. V.<\/em> (BUND), der es unmittelbar und ausschlie\u00dflich f\u00fcr gemeinn\u00fctzige, mildt\u00e4tige oder kirchliche Zwecke zu verwenden hat,<\/p>\n\n\n\n<p>&nbsp;oder<\/p>\n\n\n\n<p>&nbsp;b) eine juristische Person des \u00f6ffentlichen Rechts oder eine andere steuerbeg\u00fcnstigte K\u00f6rperschaft zwecks Verwendung f\u00fcr <em>Umweltschutz<\/em>.<\/p>\n\n\n\n<p><\/p>\n","protected":false},"excerpt":{"rendered":"<p>Satzung des gemeinn\u00fctzigen Vereins Solarinitiative Schwalbach e.V. \u00a7 1 Name, Sitz Der Verein f\u00fchrt den Namen \u201eSolarinitiative Schwalbach\u201c. Er soll in das Vereinsregister eingetragen werden und f\u00fchrt danach den Zusatz&hellip; <\/p>\n","protected":false},"author":1,"featured_media":0,"parent":0,"menu_order":0,"comment_status":"closed","ping_status":"closed","template":"","meta":{"footnotes":""},"class_list":["post-223","page","type-page","status-publish","hentry"],"_links":{"self":[{"href":"https:\/\/solar-initiative-schwalbach.de\/index.php?rest_route=\/wp\/v2\/pages\/223","targetHints":{"allow":["GET"]}}],"collection":[{"href":"https:\/\/solar-initiative-schwalbach.de\/index.php?rest_route=\/wp\/v2\/pages"}],"about":[{"href":"https:\/\/solar-initiative-schwalbach.de\/index.php?rest_route=\/wp\/v2\/types\/page"}],"author":[{"embeddable":true,"href":"https:\/\/solar-initiative-schwalbach.de\/index.php?rest_route=\/wp\/v2\/users\/1"}],"replies":[{"embeddable":true,"href":"https:\/\/solar-initiative-schwalbach.de\/index.php?rest_route=%2Fwp%2Fv2%2Fcomments&post=223"}],"version-history":[{"count":5,"href":"https:\/\/solar-initiative-schwalbach.de\/index.php?rest_route=\/wp\/v2\/pages\/223\/revisions"}],"predecessor-version":[{"id":263,"href":"https:\/\/solar-initiative-schwalbach.de\/index.php?rest_route=\/wp\/v2\/pages\/223\/revisions\/263"}],"wp:attachment":[{"href":"https:\/\/solar-initiative-schwalbach.de\/index.php?rest_route=%2Fwp%2Fv2%2Fmedia&parent=223"}],"curies":[{"name":"wp","href":"https:\/\/api.w.org\/{rel}","templated":true}]}}